{"id":15,"date":"2017-10-11T14:10:19","date_gmt":"2017-10-11T14:10:19","guid":{"rendered":"https:\/\/irene.reitemeier.ch\/?page_id=15"},"modified":"2018-12-23T16:09:09","modified_gmt":"2018-12-23T16:09:09","slug":"profil","status":"publish","type":"page","link":"https:\/\/irene.reitemeier.ch\/?page_id=15","title":{"rendered":"\u00dcber mich"},"content":{"rendered":"<p><strong>KURZBIO<\/strong><\/p>\n<p>Geboren 1962<br \/>\nAufgewachsen in Z\u00fcrich<\/p>\n<p>Ir\u00e8ne Reitemeier absolvierte zwischen 1979 &#8211; 1982 eine Ausbildung als Reklamemalerin (Werbetechnikerin). An der Kunstgewerbeschule Z\u00fcrich lernte sie Farbenlehre, Zeichnen, Design und Technik. Sp\u00e4ter folgten diverse Kurse (Schrift, Gestaltung, Airbrush, Aquarell malen) an der Kunstgewerbeschule Z\u00fcrich sowie bei Privatdozenten. 1986 wechselte sie in eine interne Werbeabteilung bei einem Detailh\u00e4ndler als Grafikerin, nach einem kurzen Abstecher in die Selbstst\u00e4ndigkeit \u00fcbernahm sie 1988 \u2013 1990 die Leitung einer Grafikabteilung bei einer Werbeagentur in Z\u00fcrich. Es folgte eine Marketingausbildung, die sie f\u00fcr die n\u00e4chsten Jahre von der ausf\u00fchrenden Seite immer mehr auf die vorbereitende Seite band. Sie arbeitete unter anderem im Produktmanagement bei M\u00f6venpick Gastro f\u00fcr das Sortiment Eis Cr\u00e8me und Backwaren.<\/p>\n<p>Im Laufe ihrer Familienphase entdeckte sie die Freude an der Acrylmalerei und Schmuckkreation. Es folgten diverse Mal- und Zeichnungskurse in \u00d6sterreich und Apulien bei Ilona Griss-Schw\u00e4rzler, bei Christine Stauss, Werner B\u00f6sch, Simon Gmeiner-Stadelmann, Xaver Dahinden. Ir\u00e8ne Reitemeier sammelte dabei Erfahrung in Acryl, Acryl-Oel, Mischtechnik, Collagen sowie in etlichen experimentellen&nbsp; Techniken. Die Malerei spielt zwischen expressiv, dynamisch abstrakt und gegenst\u00e4ndlich. Kunst ermalen (offensiv erfahren) ist eine der sch\u00f6nsten Erlebnisse, wie sie es ausdr\u00fcckt. Das Experimentieren steht am Anfang eines dynamischen Prozesses, der ein offenes Ziel vorgibt.<\/p>\n<p>St\u00e4rken<\/p>\n<p>&#8211; Ideenfindung, Gestaltung, Typo, Innovation, Marketing, Werbung<\/p>\n<p>&#8211; Berufsausbildung als Schriften- und Reklamemalerin<\/p>\n<p>&#8211; Studium an den Kunstschulen Z\u00fcrich<\/p>\n<p>&#8211; Marketingausbildung SAWI<\/p>\n<p>&#8211; Weiterbildung klassische Mal- und Gestaltungstechniken<\/p>\n<p>&#8211; Deutschdiplom der Z\u00fcrcher Handelskammer<\/p>\n<p>&#8211; Texten: Webseiten, Onlinetexte, Sozialmarketing, Newsletter, E-Mail<\/p>\n","protected":false},"excerpt":{"rendered":"<p>KURZBIO Geboren 1962 Aufgewachsen in Z\u00fcrich Ir\u00e8ne Reitemeier absolvierte zwischen 1979 &#8211; 1982 eine Ausbildung als Reklamemalerin (Werbetechnikerin). An der Kunstgewerbeschule Z\u00fcrich lernte sie Farbenlehre, Zeichnen, Design und Technik. Sp\u00e4ter folgten diverse Kurse (Schrift, Gestaltung, Airbrush, Aquarell malen) an der Kunstgewerbeschule Z\u00fcrich sowie bei Privatdozenten. 1986 wechselte sie in eine &hellip;<\/p>\n","protected":false},"author":1,"featured_media":36,"parent":0,"menu_order":7,"comment_status":"closed","ping_status":"closed","template":"","meta":[],"_links":{"self":[{"href":"https:\/\/irene.reitemeier.ch\/index.php?rest_route=\/wp\/v2\/pages\/15"}],"collection":[{"href":"https:\/\/irene.reitemeier.ch\/index.php?rest_route=\/wp\/v2\/pages"}],"about":[{"href":"https:\/\/irene.reitemeier.ch\/index.php?rest_route=\/wp\/v2\/types\/page"}],"author":[{"embeddable":true,"href":"https:\/\/irene.reitemeier.ch\/index.php?rest_route=\/wp\/v2\/users\/1"}],"replies":[{"embeddable":true,"href":"https:\/\/irene.reitemeier.ch\/index.php?rest_route=%2Fwp%2Fv2%2Fcomments&post=15"}],"version-history":[{"count":11,"href":"https:\/\/irene.reitemeier.ch\/index.php?rest_route=\/wp\/v2\/pages\/15\/revisions"}],"predecessor-version":[{"id":201,"href":"https:\/\/irene.reitemeier.ch\/index.php?rest_route=\/wp\/v2\/pages\/15\/revisions\/201"}],"wp:featuredmedia":[{"embeddable":true,"href":"https:\/\/irene.reitemeier.ch\/index.php?rest_route=\/wp\/v2\/media\/36"}],"wp:attachment":[{"href":"https:\/\/irene.reitemeier.ch\/index.php?rest_route=%2Fwp%2Fv2%2Fmedia&parent=15"}],"curies":[{"name":"wp","href":"https:\/\/api.w.org\/{rel}","templated":true}]}}