{"id":11,"date":"2017-10-11T14:08:18","date_gmt":"2017-10-11T14:08:18","guid":{"rendered":"https:\/\/irene.reitemeier.ch\/?page_id=11"},"modified":"2018-11-18T16:33:19","modified_gmt":"2018-11-18T16:33:19","slug":"natur","status":"publish","type":"page","link":"https:\/\/irene.reitemeier.ch\/?page_id=11","title":{"rendered":"Natur"},"content":{"rendered":"<p><strong>Naturrundgang &#8211; Kr\u00e4uter kennenlernen<\/strong><\/p>\n<p>Freude an der Vielfalt<\/p>\n<p>&nbsp;<\/p>\n<p>Ein reger Austausch von den Teilnehmenden macht den Rundgang zu einem Erlebnis.<\/p>\n<p>Das Kr\u00e4uterwissen geh\u00f6rt zu unserem kulturellen Erbe, wir wollen es weitergeben.<\/p>\n<p>&nbsp;<\/p>\n<p><img decoding=\"async\" loading=\"lazy\" class=\"alignnone size-medium wp-image-61\" src=\"https:\/\/irene.reitemeier.ch\/wp-content\/uploads\/2017\/10\/Naturrundgang-300x225.jpg\" alt=\"\" width=\"300\" height=\"225\" srcset=\"https:\/\/irene.reitemeier.ch\/wp-content\/uploads\/2017\/10\/Naturrundgang-300x225.jpg 300w, https:\/\/irene.reitemeier.ch\/wp-content\/uploads\/2017\/10\/Naturrundgang-768x576.jpg 768w, https:\/\/irene.reitemeier.ch\/wp-content\/uploads\/2017\/10\/Naturrundgang-1024x768.jpg 1024w, https:\/\/irene.reitemeier.ch\/wp-content\/uploads\/2017\/10\/Naturrundgang-267x200.jpg 267w\" sizes=\"(max-width: 300px) 100vw, 300px\" \/><\/p>\n<p>Ja, man kann mich essen \u2013 nein, bitte nicht \u2013 ich bin Gift.<\/p>\n<p>Auf dem Weg k\u00f6nnen wir die Kr\u00e4uter anhand von den K\u00e4rtchen zuordnen.<\/p>\n<p>&nbsp;<\/p>\n<p>Huflattich 2017<\/p>\n<p><img decoding=\"async\" loading=\"lazy\" class=\"alignnone size-medium wp-image-77\" src=\"https:\/\/irene.reitemeier.ch\/wp-content\/uploads\/2017\/10\/Huflattich-300x225.jpg\" alt=\"\" width=\"300\" height=\"225\" srcset=\"https:\/\/irene.reitemeier.ch\/wp-content\/uploads\/2017\/10\/Huflattich-300x225.jpg 300w, https:\/\/irene.reitemeier.ch\/wp-content\/uploads\/2017\/10\/Huflattich-768x576.jpg 768w, https:\/\/irene.reitemeier.ch\/wp-content\/uploads\/2017\/10\/Huflattich-1024x768.jpg 1024w, https:\/\/irene.reitemeier.ch\/wp-content\/uploads\/2017\/10\/Huflattich-267x200.jpg 267w\" sizes=\"(max-width: 300px) 100vw, 300px\" \/><\/p>\n<p>Huflattich ist eines der potentesten Mittel gegen Husten und wird seit mehr als 2000 Jahren genutzt! Bereits sein Name Tussilago (lat. tussis = Husten) deutet darauf hin.<\/p>\n<p>&nbsp;<\/p>\n<p>Wald-Sauerklee 2017<\/p>\n<p><img decoding=\"async\" loading=\"lazy\" class=\"alignnone size-medium wp-image-76\" src=\"https:\/\/irene.reitemeier.ch\/wp-content\/uploads\/2017\/10\/Wald-Sauerklee3-300x225.jpg\" alt=\"\" width=\"300\" height=\"225\" srcset=\"https:\/\/irene.reitemeier.ch\/wp-content\/uploads\/2017\/10\/Wald-Sauerklee3-300x225.jpg 300w, https:\/\/irene.reitemeier.ch\/wp-content\/uploads\/2017\/10\/Wald-Sauerklee3-768x576.jpg 768w, https:\/\/irene.reitemeier.ch\/wp-content\/uploads\/2017\/10\/Wald-Sauerklee3-1024x768.jpg 1024w, https:\/\/irene.reitemeier.ch\/wp-content\/uploads\/2017\/10\/Wald-Sauerklee3-267x200.jpg 267w\" sizes=\"(max-width: 300px) 100vw, 300px\" \/><\/p>\n<p>Am Wegesrand im Wald w\u00e4chst er im grossen Verbund und erfreut uns mit seinem erfrischend sauren Geschmack.<\/p>\n<p>Oxals\u00e4ure, Vitamin C, verschiedene Mineralstoffe<\/p>\n<p>&nbsp;<\/p>\n<p>Wiesen-Schaumkraut &#8211; Cardamine<\/p>\n<p><img decoding=\"async\" loading=\"lazy\" class=\"alignnone size-medium wp-image-167\" src=\"https:\/\/irene.reitemeier.ch\/wp-content\/uploads\/2017\/12\/20170406_145133-2-300x225.jpg\" alt=\"\" width=\"300\" height=\"225\" srcset=\"https:\/\/irene.reitemeier.ch\/wp-content\/uploads\/2017\/12\/20170406_145133-2-300x225.jpg 300w, https:\/\/irene.reitemeier.ch\/wp-content\/uploads\/2017\/12\/20170406_145133-2-768x576.jpg 768w, https:\/\/irene.reitemeier.ch\/wp-content\/uploads\/2017\/12\/20170406_145133-2-1024x768.jpg 1024w, https:\/\/irene.reitemeier.ch\/wp-content\/uploads\/2017\/12\/20170406_145133-2-267x200.jpg 267w\" sizes=\"(max-width: 300px) 100vw, 300px\" \/><\/p>\n<p>Wirkung: St\u00e4rkend, belebend, blutreinigend, regt Leber und Niere an, gegen Hautausschl\u00e4ge, Rheuma, Abwehrschw\u00e4che.<\/p>\n<p>Wiesen-Schaumkraut enth\u00e4lt als Inhaltsstoffe Senf\u00f6lglykoside, Bitterstoffe und Vitamin C. Die Senf\u00f6lglykosiden, die insbesondere auf Niere und Leber anregend wirken.<\/p>\n<p><em>F\u00fcr den Aurorafalter ist das\u00a0Wiesenschaumkraut\u00a0die einzige Nahrungspflanze.<\/em><\/p>\n<p>&nbsp;<\/p>\n<p>Thymian 2017<\/p>\n<p><img decoding=\"async\" loading=\"lazy\" class=\"alignnone size-medium wp-image-60\" src=\"https:\/\/irene.reitemeier.ch\/wp-content\/uploads\/2017\/10\/Thymian-2017-300x225.jpg\" alt=\"\" width=\"300\" height=\"225\" srcset=\"https:\/\/irene.reitemeier.ch\/wp-content\/uploads\/2017\/10\/Thymian-2017-300x225.jpg 300w, https:\/\/irene.reitemeier.ch\/wp-content\/uploads\/2017\/10\/Thymian-2017-768x576.jpg 768w, https:\/\/irene.reitemeier.ch\/wp-content\/uploads\/2017\/10\/Thymian-2017-1024x768.jpg 1024w, https:\/\/irene.reitemeier.ch\/wp-content\/uploads\/2017\/10\/Thymian-2017-267x200.jpg 267w\" sizes=\"(max-width: 300px) 100vw, 300px\" \/><\/p>\n<p>Die Thymiane oder Quendel sind eine Pflanzengattung in der Familie der Lippenbl\u00fctengew\u00e4chse. Einige Arten und ihre Sorten sind Heil- und Gew\u00fcrzpflanzen, am bekanntesten ist der Echte Thymian.<\/p>\n","protected":false},"excerpt":{"rendered":"<p>Naturrundgang &#8211; Kr\u00e4uter kennenlernen Freude an der Vielfalt &nbsp; Ein reger Austausch von den Teilnehmenden macht den Rundgang zu einem Erlebnis. Das Kr\u00e4uterwissen geh\u00f6rt zu unserem kulturellen Erbe, wir wollen es weitergeben. &nbsp; Ja, man kann mich essen \u2013 nein, bitte nicht \u2013 ich bin Gift. Auf dem Weg k\u00f6nnen &hellip;<\/p>\n","protected":false},"author":1,"featured_media":73,"parent":0,"menu_order":0,"comment_status":"closed","ping_status":"closed","template":"","meta":[],"_links":{"self":[{"href":"https:\/\/irene.reitemeier.ch\/index.php?rest_route=\/wp\/v2\/pages\/11"}],"collection":[{"href":"https:\/\/irene.reitemeier.ch\/index.php?rest_route=\/wp\/v2\/pages"}],"about":[{"href":"https:\/\/irene.reitemeier.ch\/index.php?rest_route=\/wp\/v2\/types\/page"}],"author":[{"embeddable":true,"href":"https:\/\/irene.reitemeier.ch\/index.php?rest_route=\/wp\/v2\/users\/1"}],"replies":[{"embeddable":true,"href":"https:\/\/irene.reitemeier.ch\/index.php?rest_route=%2Fwp%2Fv2%2Fcomments&post=11"}],"version-history":[{"count":11,"href":"https:\/\/irene.reitemeier.ch\/index.php?rest_route=\/wp\/v2\/pages\/11\/revisions"}],"predecessor-version":[{"id":168,"href":"https:\/\/irene.reitemeier.ch\/index.php?rest_route=\/wp\/v2\/pages\/11\/revisions\/168"}],"wp:featuredmedia":[{"embeddable":true,"href":"https:\/\/irene.reitemeier.ch\/index.php?rest_route=\/wp\/v2\/media\/73"}],"wp:attachment":[{"href":"https:\/\/irene.reitemeier.ch\/index.php?rest_route=%2Fwp%2Fv2%2Fmedia&parent=11"}],"curies":[{"name":"wp","href":"https:\/\/api.w.org\/{rel}","templated":true}]}}